{"id":67,"date":"2025-01-20T09:28:44","date_gmt":"2025-01-20T08:28:44","guid":{"rendered":"https:\/\/madroscizmuszli.snailedit.pl\/?page_id=67"},"modified":"2025-02-10T14:40:47","modified_gmt":"2025-02-10T13:40:47","slug":"seneka","status":"publish","type":"page","link":"https:\/\/madroscizmuszli.snailedit.pl\/?page_id=67","title":{"rendered":"Seneka"},"content":{"rendered":"\n<figure data-wp-context=\"{&quot;imageId&quot;:&quot;69d9ebe81903e&quot;}\" data-wp-interactive=\"core\/image\" data-wp-key=\"69d9ebe81903e\" class=\"wp-block-image size-large wp-lightbox-container\"><img loading=\"lazy\" decoding=\"async\" width=\"1024\" height=\"1024\" data-wp-class--hide=\"state.isContentHidden\" data-wp-class--show=\"state.isContentVisible\" data-wp-init=\"callbacks.setButtonStyles\" data-wp-on--click=\"actions.showLightbox\" data-wp-on--load=\"callbacks.setButtonStyles\" data-wp-on-window--resize=\"callbacks.setButtonStyles\" src=\"https:\/\/madroscizmuszli.snailedit.pl\/wp-content\/uploads\/2025\/01\/seneka-1024x1024.jpeg\" alt=\"\" class=\"wp-image-119\" srcset=\"https:\/\/madroscizmuszli.snailedit.pl\/wp-content\/uploads\/2025\/01\/seneka-1024x1024.jpeg 1024w, https:\/\/madroscizmuszli.snailedit.pl\/wp-content\/uploads\/2025\/01\/seneka-300x300.jpeg 300w, https:\/\/madroscizmuszli.snailedit.pl\/wp-content\/uploads\/2025\/01\/seneka-150x150.jpeg 150w, https:\/\/madroscizmuszli.snailedit.pl\/wp-content\/uploads\/2025\/01\/seneka-768x768.jpeg 768w, https:\/\/madroscizmuszli.snailedit.pl\/wp-content\/uploads\/2025\/01\/seneka-1536x1536.jpeg 1536w, https:\/\/madroscizmuszli.snailedit.pl\/wp-content\/uploads\/2025\/01\/seneka.jpeg 1600w\" sizes=\"auto, (max-width: 1024px) 100vw, 1024px\" \/><button\n\t\t\tclass=\"lightbox-trigger\"\n\t\t\ttype=\"button\"\n\t\t\taria-haspopup=\"dialog\"\n\t\t\taria-label=\"Powi\u0119ksz\"\n\t\t\tdata-wp-init=\"callbacks.initTriggerButton\"\n\t\t\tdata-wp-on--click=\"actions.showLightbox\"\n\t\t\tdata-wp-style--right=\"state.imageButtonRight\"\n\t\t\tdata-wp-style--top=\"state.imageButtonTop\"\n\t\t>\n\t\t\t<svg xmlns=\"http:\/\/www.w3.org\/2000\/svg\" width=\"12\" height=\"12\" fill=\"none\" viewBox=\"0 0 12 12\">\n\t\t\t\t<path fill=\"#fff\" d=\"M2 0a2 2 0 0 0-2 2v2h1.5V2a.5.5 0 0 1 .5-.5h2V0H2Zm2 10.5H2a.5.5 0 0 1-.5-.5V8H0v2a2 2 0 0 0 2 2h2v-1.5ZM8 12v-1.5h2a.5.5 0 0 0 .5-.5V8H12v2a2 2 0 0 1-2 2H8Zm2-12a2 2 0 0 1 2 2v2h-1.5V2a.5.5 0 0 0-.5-.5H8V0h2Z\" \/>\n\t\t\t<\/svg>\n\t\t<\/button><\/figure>\n\n\n\n<p>Seneka m\u00f3g\u0142by by\u0107 gwiazd\u0105 talk-show w staro\u017cytnym Rzymie. By\u0142 doradc\u0105 cesarza Nerona, co mo\u017cna por\u00f3wna\u0107 do bycia osobistym trenerem \u017cyciowym dla kogo\u015b, kto ma troch\u0119 za du\u017co w\u0142adzy i za ma\u0142o cierpliwo\u015bci. Seneka naucza\u0142, \u017ce \u017cycie to sztuka zachowania spokoju, nawet gdy wok\u00f3\u0142 p\u0142on\u0105 miasta (dos\u0142ownie, w przypadku Nerona).<\/p>\n\n\n\n<p>Jego motto mog\u0142oby brzmie\u0107: &#8222;Nie martw si\u0119 o to, co nieuniknione, bo i tak si\u0119 wydarzy&#8221;. Seneka wierzy\u0142, \u017ce cnota i moralno\u015b\u0107 s\u0105 kluczem do szcz\u0119\u015bcia, a samodyscyplina to najlepszy spos\u00f3b na unikni\u0119cie k\u0142opot\u00f3w.<\/p>\n\n\n\n<div class=\"wp-block-buttons is-layout-flex wp-block-buttons-is-layout-flex\">\n<div class=\"wp-block-button\"><a class=\"wp-block-button__link wp-element-button\" href=\"https:\/\/madroscizmuszli.snailedit.pl\">Strona G\u0142\u00f3wna<\/a><\/div>\n\n\n\n<div class=\"wp-block-button\"><a class=\"wp-block-button__link wp-element-button\" href=\"https:\/\/madroscizmuszli.snailedit.pl\/?page_id=65\">Marek Aureliusz<\/a><\/div>\n\n\n\n<div class=\"wp-block-button\"><a class=\"wp-block-button__link wp-element-button\" href=\"https:\/\/madroscizmuszli.snailedit.pl\/?page_id=69\">Epiktet<\/a><\/div>\n<\/div>\n\n\n\n<p><\/p>\n","protected":false},"excerpt":{"rendered":"<p>Seneka m\u00f3g\u0142by by\u0107 gwiazd\u0105 talk-show w staro\u017cytnym Rzymie. By\u0142 doradc\u0105 cesarza Nerona, co mo\u017cna por\u00f3wna\u0107 do bycia osobistym trenerem \u017cyciowym dla kogo\u015b, kto ma troch\u0119 za du\u017co w\u0142adzy i za ma\u0142o cierpliwo\u015bci. Seneka naucza\u0142, \u017ce \u017cycie to sztuka zachowania spokoju, nawet gdy wok\u00f3\u0142 p\u0142on\u0105 miasta (dos\u0142ownie, w przypadku Nerona). Jego motto mog\u0142oby brzmie\u0107: &#8222;Nie martw [&hellip;]<\/p>\n","protected":false},"author":1,"featured_media":0,"parent":0,"menu_order":2,"comment_status":"closed","ping_status":"closed","template":"","meta":{"footnotes":""},"class_list":["post-67","page","type-page","status-publish","hentry"],"_links":{"self":[{"href":"https:\/\/madroscizmuszli.snailedit.pl\/index.php?rest_route=\/wp\/v2\/pages\/67","targetHints":{"allow":["GET"]}}],"collection":[{"href":"https:\/\/madroscizmuszli.snailedit.pl\/index.php?rest_route=\/wp\/v2\/pages"}],"about":[{"href":"https:\/\/madroscizmuszli.snailedit.pl\/index.php?rest_route=\/wp\/v2\/types\/page"}],"author":[{"embeddable":true,"href":"https:\/\/madroscizmuszli.snailedit.pl\/index.php?rest_route=\/wp\/v2\/users\/1"}],"replies":[{"embeddable":true,"href":"https:\/\/madroscizmuszli.snailedit.pl\/index.php?rest_route=%2Fwp%2Fv2%2Fcomments&post=67"}],"version-history":[{"count":6,"href":"https:\/\/madroscizmuszli.snailedit.pl\/index.php?rest_route=\/wp\/v2\/pages\/67\/revisions"}],"predecessor-version":[{"id":240,"href":"https:\/\/madroscizmuszli.snailedit.pl\/index.php?rest_route=\/wp\/v2\/pages\/67\/revisions\/240"}],"wp:attachment":[{"href":"https:\/\/madroscizmuszli.snailedit.pl\/index.php?rest_route=%2Fwp%2Fv2%2Fmedia&parent=67"}],"curies":[{"name":"wp","href":"https:\/\/api.w.org\/{rel}","templated":true}]}}