{"id":47,"date":"2025-01-20T08:53:34","date_gmt":"2025-01-20T07:53:34","guid":{"rendered":"https:\/\/madroscizmuszli.snailedit.pl\/?page_id=47"},"modified":"2025-01-20T09:42:43","modified_gmt":"2025-01-20T08:42:43","slug":"o-autorze","status":"publish","type":"page","link":"https:\/\/madroscizmuszli.snailedit.pl\/?page_id=47","title":{"rendered":"O autorze"},"content":{"rendered":"\n<p>Cz\u0142owiek w sile wieku, zbli\u017caj\u0105cy si\u0119 do zaawansowanych lat 30-tych swojej egzystencji. Autor od pewnego czasu trapiony jest pytaniami dotycz\u0105cymi sensu.<br>Czy prezent otrzymany w dniu wej\u015bcia w ostatni rok m\u0142odzie\u0144czych lat i szalonych fantazji pomo\u017ce u\u015bwietni\u0107 ten czas i znale\u017a\u0107 odpowiedzi na te pytania?<\/p>\n\n\n\n\n\n\n<p><\/p>\n","protected":false},"excerpt":{"rendered":"<p>Cz\u0142owiek w sile wieku, zbli\u017caj\u0105cy si\u0119 do zaawansowanych lat 30-tych swojej egzystencji. Autor od pewnego czasu trapiony jest pytaniami dotycz\u0105cymi sensu.Czy prezent otrzymany w dniu wej\u015bcia w ostatni rok m\u0142odzie\u0144czych lat i szalonych fantazji pomo\u017ce u\u015bwietni\u0107 ten czas i znale\u017a\u0107 odpowiedzi na te pytania?<\/p>\n","protected":false},"author":1,"featured_media":0,"parent":0,"menu_order":4,"comment_status":"closed","ping_status":"closed","template":"","meta":{"footnotes":""},"class_list":["post-47","page","type-page","status-publish","hentry"],"_links":{"self":[{"href":"https:\/\/madroscizmuszli.snailedit.pl\/index.php?rest_route=\/wp\/v2\/pages\/47","targetHints":{"allow":["GET"]}}],"collection":[{"href":"https:\/\/madroscizmuszli.snailedit.pl\/index.php?rest_route=\/wp\/v2\/pages"}],"about":[{"href":"https:\/\/madroscizmuszli.snailedit.pl\/index.php?rest_route=\/wp\/v2\/types\/page"}],"author":[{"embeddable":true,"href":"https:\/\/madroscizmuszli.snailedit.pl\/index.php?rest_route=\/wp\/v2\/users\/1"}],"replies":[{"embeddable":true,"href":"https:\/\/madroscizmuszli.snailedit.pl\/index.php?rest_route=%2Fwp%2Fv2%2Fcomments&post=47"}],"version-history":[{"count":8,"href":"https:\/\/madroscizmuszli.snailedit.pl\/index.php?rest_route=\/wp\/v2\/pages\/47\/revisions"}],"predecessor-version":[{"id":76,"href":"https:\/\/madroscizmuszli.snailedit.pl\/index.php?rest_route=\/wp\/v2\/pages\/47\/revisions\/76"}],"wp:attachment":[{"href":"https:\/\/madroscizmuszli.snailedit.pl\/index.php?rest_route=%2Fwp%2Fv2%2Fmedia&parent=47"}],"curies":[{"name":"wp","href":"https:\/\/api.w.org\/{rel}","templated":true}]}}